{"id":2841,"date":"2025-05-19T18:51:43","date_gmt":"2025-05-19T21:51:43","guid":{"rendered":"https:\/\/demo.cooder.com.br\/cvortex\/?page_id=2841"},"modified":"2025-06-17T15:14:48","modified_gmt":"2025-06-17T18:14:48","slug":"webinars","status":"publish","type":"page","link":"https:\/\/demo.cooder.com.br\/cvortex\/webinars\/","title":{"rendered":"Webinars"},"content":{"rendered":"\t\t<div data-elementor-type=\"wp-page\" data-elementor-id=\"2841\" class=\"elementor elementor-2841\" data-elementor-post-type=\"page\">\n\t\t\t\t<div class=\"elementor-element elementor-element-84d66fd e-flex e-con-boxed e-con e-parent\" data-id=\"84d66fd\" data-element_type=\"container\" data-e-type=\"container\" data-settings=\"{&quot;background_background&quot;:&quot;classic&quot;}\">\n\t\t\t\t\t<div class=\"e-con-inner\">\n\t\t<div class=\"elementor-element elementor-element-7e765a2 e-con-full e-flex e-con e-child\" data-id=\"7e765a2\" data-element_type=\"container\" data-e-type=\"container\" data-settings=\"{&quot;background_background&quot;:&quot;classic&quot;}\">\n\t\t\t\t<div class=\"elementor-element elementor-element-81202ef elementor-widget elementor-widget-image\" data-id=\"81202ef\" data-element_type=\"widget\" data-e-type=\"widget\" data-widget_type=\"image.default\">\n\t\t\t\t\t\t\t\t\t\t\t\t\t\t\t<img fetchpriority=\"high\" decoding=\"async\" width=\"640\" height=\"616\" src=\"https:\/\/demo.cooder.com.br\/cvortex\/wp-content\/uploads\/2025\/05\/banner-webnar.jpg\" class=\"attachment-full size-full wp-image-3011\" alt=\"\" srcset=\"https:\/\/demo.cooder.com.br\/cvortex\/wp-content\/uploads\/2025\/05\/banner-webnar.jpg 640w, https:\/\/demo.cooder.com.br\/cvortex\/wp-content\/uploads\/2025\/05\/banner-webnar-300x289.jpg 300w\" sizes=\"(max-width: 640px) 100vw, 640px\" \/>\t\t\t\t\t\t\t\t\t\t\t\t\t\t\t<\/div>\n\t\t\t\t<\/div>\n\t\t<div class=\"elementor-element elementor-element-5a22c74 e-con-full e-flex e-con e-child\" data-id=\"5a22c74\" data-element_type=\"container\" data-e-type=\"container\">\n\t\t\t\t<div class=\"elementor-element elementor-element-d39fbc1 elementor-widget__width-initial elementor-widget elementor-widget-heading\" data-id=\"d39fbc1\" data-element_type=\"widget\" data-e-type=\"widget\" data-widget_type=\"heading.default\">\n\t\t\t\t\t<h1 class=\"elementor-heading-title elementor-size-default\">Explore o conhecimento com os l\u00edderes em <b>atendimento omnichannel e tecnologia<\/b><\/h1>\t\t\t\t<\/div>\n\t\t\t\t<div class=\"elementor-element elementor-element-b5fa107 elementor-widget elementor-widget-text-editor\" data-id=\"b5fa107\" data-element_type=\"widget\" data-e-type=\"widget\" data-widget_type=\"text-editor.default\">\n\t\t\t\t\t\t\t\t\t<p>Assista aos nossos webinars ao vivo e tenha acesso \u00e0s grava\u00e7\u00f5es dos eventos anteriores, onde destacamos as pr\u00e1ticas mais eficazes, inova\u00e7\u00f5es e estrat\u00e9gias para transformar o atendimento ao cliente. Inscreva-se para obter insights valiosos e se destacar no mercado.<\/p>\t\t\t\t\t\t\t\t<\/div>\n\t\t\t\t<div class=\"elementor-element elementor-element-e353d70 elementor-align-left elementor-widget elementor-widget-button\" data-id=\"e353d70\" data-element_type=\"widget\" data-e-type=\"widget\" data-widget_type=\"button.default\">\n\t\t\t\t\t\t\t\t\t\t<a class=\"elementor-button elementor-button-link elementor-size-sm\" href=\"https:\/\/demo.cooder.com.br\/cvortex\/solicite-sua-demonstracao\/\">\n\t\t\t\t\t\t<span class=\"elementor-button-content-wrapper\">\n\t\t\t\t\t\t\t\t\t<span class=\"elementor-button-text\">Seja o primeiro a saber sobre novos webinars<\/span>\n\t\t\t\t\t<\/span>\n\t\t\t\t\t<\/a>\n\t\t\t\t\t\t\t\t<\/div>\n\t\t\t\t<\/div>\n\t\t\t\t\t<\/div>\n\t\t\t\t<\/div>\n\t\t<div class=\"elementor-element elementor-element-9e573f8 e-flex e-con-boxed e-con e-parent\" data-id=\"9e573f8\" data-element_type=\"container\" data-e-type=\"container\">\n\t\t\t\t\t<div class=\"e-con-inner\">\n\t\t<div class=\"elementor-element elementor-element-f12b864 e-con-full e-flex e-con e-child\" data-id=\"f12b864\" data-element_type=\"container\" data-e-type=\"container\">\n\t\t\t\t<div class=\"elementor-element elementor-element-026b072 elementor-widget elementor-widget-image\" data-id=\"026b072\" data-element_type=\"widget\" data-e-type=\"widget\" data-widget_type=\"image.default\">\n\t\t\t\t\t\t\t\t\t\t\t\t\t\t\t<img decoding=\"async\" width=\"640\" height=\"1029\" src=\"https:\/\/demo.cooder.com.br\/cvortex\/wp-content\/uploads\/2025\/05\/webinar.jpg\" class=\"attachment-full size-full wp-image-3019\" alt=\"\" srcset=\"https:\/\/demo.cooder.com.br\/cvortex\/wp-content\/uploads\/2025\/05\/webinar.jpg 640w, https:\/\/demo.cooder.com.br\/cvortex\/wp-content\/uploads\/2025\/05\/webinar-187x300.jpg 187w, https:\/\/demo.cooder.com.br\/cvortex\/wp-content\/uploads\/2025\/05\/webinar-637x1024.jpg 637w\" sizes=\"(max-width: 640px) 100vw, 640px\" \/>\t\t\t\t\t\t\t\t\t\t\t\t\t\t\t<\/div>\n\t\t\t\t<\/div>\n\t\t<div class=\"elementor-element elementor-element-57c6bf8 e-con-full e-flex e-con e-child\" data-id=\"57c6bf8\" data-element_type=\"container\" data-e-type=\"container\">\n\t\t<div class=\"elementor-element elementor-element-1d523aa e-con-full e-flex e-con e-child\" data-id=\"1d523aa\" data-element_type=\"container\" data-e-type=\"container\" data-settings=\"{&quot;background_background&quot;:&quot;classic&quot;}\">\n\t\t\t\t<div class=\"elementor-element elementor-element-3836c8b elementor-widget elementor-widget-heading\" data-id=\"3836c8b\" data-element_type=\"widget\" data-e-type=\"widget\" data-widget_type=\"heading.default\">\n\t\t\t\t\t<h2 class=\"elementor-heading-title elementor-size-default\">Webinar #01<\/h2>\t\t\t\t<\/div>\n\t\t\t\t<\/div>\n\t\t\t\t<div class=\"elementor-element elementor-element-eb3e293 elementor-widget__width-initial elementor-widget elementor-widget-heading\" data-id=\"eb3e293\" data-element_type=\"widget\" data-e-type=\"widget\" data-widget_type=\"heading.default\">\n\t\t\t\t\t<h2 class=\"elementor-heading-title elementor-size-default\">Como <b>empresas com alto fluxo de atendimento<\/b> resolvem os seus maiores gargalos<\/h2>\t\t\t\t<\/div>\n\t\t\t\t<div class=\"elementor-element elementor-element-b7f0a66 elementor-widget elementor-widget-text-editor\" data-id=\"b7f0a66\" data-element_type=\"widget\" data-e-type=\"widget\" data-widget_type=\"text-editor.default\">\n\t\t\t\t\t\t\t\t\t<p>Bate-papo com Rodrigo Garcia, Head de Solu\u00e7\u00f5es da cVortex e os convidados Ed Carlos Pasquini, Coordenador de Atendimento ao Cliente e Marcos Corusse, Product Manager, ambos da da Amor Sa\u00fade, maior rede de cl\u00ednicas m\u00e9dico-odontol\u00f3gicas no Brasil.<\/p><p><strong>Pontos-chave abordados:<\/strong><br \/><strong><span style=\"color: #0191ce;\">\u279c<\/span> Casos de Sucesso<\/strong>:\u00a0Inspire-se em hist\u00f3rias reais de grandes empresas que superaram desafios significativos e transformaram seu atendimento ao cliente.<br \/><strong><span style=\"color: #0191ce;\">\u279c<\/span> Integra\u00e7\u00e3o Total e Omnichannel<\/strong>:\u00a0Como uma plataforma \u00fanica pode simplificar e potencializar o seu atendimento ao cliente.<br \/><strong><span style=\"color: #0191ce;\">\u279c<\/span> Estrat\u00e9gias Comprovadas<\/strong>:\u00a0Dicas pr\u00e1ticas para aplicar imediatamente e ver resultados tang\u00edveis.<\/p>\t\t\t\t\t\t\t\t<\/div>\n\t\t\t\t<div class=\"elementor-element elementor-element-62d130b elementor-align-left elementor-widget elementor-widget-button\" data-id=\"62d130b\" data-element_type=\"widget\" data-e-type=\"widget\" data-widget_type=\"button.default\">\n\t\t\t\t\t\t\t\t\t\t<a class=\"elementor-button elementor-button-link elementor-size-sm\" href=\"https:\/\/www.youtube.com\/watch?v=qWmpWB7C2u0\" target=\"_blank\">\n\t\t\t\t\t\t<span class=\"elementor-button-content-wrapper\">\n\t\t\t\t\t\t\t\t\t<span class=\"elementor-button-text\">Assista agora<\/span>\n\t\t\t\t\t<\/span>\n\t\t\t\t\t<\/a>\n\t\t\t\t\t\t\t\t<\/div>\n\t\t\t\t<\/div>\n\t\t\t\t\t<\/div>\n\t\t\t\t<\/div>\n\t\t<div class=\"elementor-element elementor-element-c54c8fb e-flex e-con-boxed e-con e-parent\" data-id=\"c54c8fb\" data-element_type=\"container\" data-e-type=\"container\" data-settings=\"{&quot;background_background&quot;:&quot;classic&quot;}\">\n\t\t\t\t\t<div class=\"e-con-inner\">\n\t\t<div class=\"elementor-element elementor-element-fd83900 e-con-full e-flex e-con e-child\" data-id=\"fd83900\" data-element_type=\"container\" data-e-type=\"container\">\n\t\t<div class=\"elementor-element elementor-element-6719006 e-con-full e-flex e-con e-child\" data-id=\"6719006\" data-element_type=\"container\" data-e-type=\"container\" data-settings=\"{&quot;background_background&quot;:&quot;classic&quot;}\">\n\t\t\t\t<div class=\"elementor-element elementor-element-c5bba9d elementor-widget elementor-widget-heading\" data-id=\"c5bba9d\" data-element_type=\"widget\" data-e-type=\"widget\" data-widget_type=\"heading.default\">\n\t\t\t\t\t<h2 class=\"elementor-heading-title elementor-size-default\">Webinar #02<\/h2>\t\t\t\t<\/div>\n\t\t\t\t<\/div>\n\t\t\t\t<div class=\"elementor-element elementor-element-600d55f elementor-widget elementor-widget-heading\" data-id=\"600d55f\" data-element_type=\"widget\" data-e-type=\"widget\" data-widget_type=\"heading.default\">\n\t\t\t\t\t<h2 class=\"elementor-heading-title elementor-size-default\"><b>Impacto da IA no atendimento<\/b> ao cliente das maiores empresas do Brasil<\/h2>\t\t\t\t<\/div>\n\t\t\t\t<div class=\"elementor-element elementor-element-7a43cc0 elementor-widget elementor-widget-text-editor\" data-id=\"7a43cc0\" data-element_type=\"widget\" data-e-type=\"widget\" data-widget_type=\"text-editor.default\">\n\t\t\t\t\t\t\t\t\t<p>Imagine melhorar o atendimento ao cliente com solu\u00e7\u00f5es de Intelig\u00eancia Artificial testadas e comprovadas pelas maiores empresas do Brasil? \u00c9 isso que voc\u00ea ver\u00e1 nesse webinar \u201cImpacto da IA no Atendimento ao Cliente das Maiores Empresas do Brasil\u201d.<\/p><p><strong>Nossos convidados:<\/strong><br \/><strong><span style=\"color: #0191ce;\">\u279c<\/span><\/strong> <strong>Junior Cesar Diniz Rios<\/strong>, Diretor de Inova\u00e7\u00e3o da Callink.<br \/><strong><span style=\"color: #0191ce;\">\u279c<\/span><\/strong> <strong>Paulo Perez<\/strong>, CEO da Biofy Technologies.<br \/><strong><span style=\"color: #0191ce;\">\u279c<\/span><\/strong> <strong>Rodrigo Garcia da Silveira<\/strong>, Head de Neg\u00f3cios da <b><i>cVortex<\/i><\/b>.<br \/><strong><span style=\"color: #0191ce;\">\u279c <\/span>Denis Macedo<\/strong>, Diretor de Produto da <b><i>cVortex<\/i><\/b>.<\/p>\t\t\t\t\t\t\t\t<\/div>\n\t\t\t\t<div class=\"elementor-element elementor-element-8635618 elementor-align-left elementor-widget elementor-widget-button\" data-id=\"8635618\" data-element_type=\"widget\" data-e-type=\"widget\" data-widget_type=\"button.default\">\n\t\t\t\t\t\t\t\t\t\t<a class=\"elementor-button elementor-button-link elementor-size-sm\" href=\"https:\/\/www.youtube.com\/watch?v=FVAzXuCx1QU\" target=\"_blank\">\n\t\t\t\t\t\t<span class=\"elementor-button-content-wrapper\">\n\t\t\t\t\t\t\t\t\t<span class=\"elementor-button-text\">Assista agora<\/span>\n\t\t\t\t\t<\/span>\n\t\t\t\t\t<\/a>\n\t\t\t\t\t\t\t\t<\/div>\n\t\t\t\t<\/div>\n\t\t<div class=\"elementor-element elementor-element-7fe3269 e-con-full e-flex e-con e-child\" data-id=\"7fe3269\" data-element_type=\"container\" data-e-type=\"container\">\n\t\t\t\t<div class=\"elementor-element elementor-element-5091264 elementor-widget elementor-widget-image\" data-id=\"5091264\" data-element_type=\"widget\" data-e-type=\"widget\" data-widget_type=\"image.default\">\n\t\t\t\t\t\t\t\t\t\t\t\t\t\t\t<img decoding=\"async\" width=\"640\" height=\"842\" src=\"https:\/\/demo.cooder.com.br\/cvortex\/wp-content\/uploads\/2025\/05\/webinar2.png\" class=\"attachment-full size-full wp-image-3048\" alt=\"\" srcset=\"https:\/\/demo.cooder.com.br\/cvortex\/wp-content\/uploads\/2025\/05\/webinar2.png 640w, https:\/\/demo.cooder.com.br\/cvortex\/wp-content\/uploads\/2025\/05\/webinar2-228x300.png 228w\" sizes=\"(max-width: 640px) 100vw, 640px\" \/>\t\t\t\t\t\t\t\t\t\t\t\t\t\t\t<\/div>\n\t\t\t\t<\/div>\n\t\t\t\t\t<\/div>\n\t\t\t\t<\/div>\n\t\t<div class=\"elementor-element elementor-element-61c91e4 e-flex e-con-boxed e-con e-parent\" data-id=\"61c91e4\" data-element_type=\"container\" data-e-type=\"container\">\n\t\t\t\t\t<div class=\"e-con-inner\">\n\t\t<div class=\"elementor-element elementor-element-f2e128e e-con-full e-flex e-con e-child\" data-id=\"f2e128e\" data-element_type=\"container\" data-e-type=\"container\">\n\t\t\t\t<div class=\"elementor-element elementor-element-fd6060c elementor-widget elementor-widget-image\" data-id=\"fd6060c\" data-element_type=\"widget\" data-e-type=\"widget\" data-widget_type=\"image.default\">\n\t\t\t\t\t\t\t\t\t\t\t\t\t\t\t<img loading=\"lazy\" decoding=\"async\" width=\"640\" height=\"484\" src=\"https:\/\/demo.cooder.com.br\/cvortex\/wp-content\/uploads\/2025\/05\/webinar3.jpg\" class=\"attachment-full size-full wp-image-3056\" alt=\"\" srcset=\"https:\/\/demo.cooder.com.br\/cvortex\/wp-content\/uploads\/2025\/05\/webinar3.jpg 640w, https:\/\/demo.cooder.com.br\/cvortex\/wp-content\/uploads\/2025\/05\/webinar3-300x227.jpg 300w\" sizes=\"(max-width: 640px) 100vw, 640px\" \/>\t\t\t\t\t\t\t\t\t\t\t\t\t\t\t<\/div>\n\t\t\t\t<\/div>\n\t\t<div class=\"elementor-element elementor-element-504a3c0 e-con-full e-flex e-con e-child\" data-id=\"504a3c0\" data-element_type=\"container\" data-e-type=\"container\">\n\t\t<div class=\"elementor-element elementor-element-e85ba0c e-con-full e-flex e-con e-child\" data-id=\"e85ba0c\" data-element_type=\"container\" data-e-type=\"container\" data-settings=\"{&quot;background_background&quot;:&quot;classic&quot;}\">\n\t\t\t\t<div class=\"elementor-element elementor-element-496d817 elementor-widget elementor-widget-heading\" data-id=\"496d817\" data-element_type=\"widget\" data-e-type=\"widget\" data-widget_type=\"heading.default\">\n\t\t\t\t\t<h2 class=\"elementor-heading-title elementor-size-default\">Webinar #03<\/h2>\t\t\t\t<\/div>\n\t\t\t\t<\/div>\n\t\t\t\t<div class=\"elementor-element elementor-element-9126afd elementor-widget elementor-widget-heading\" data-id=\"9126afd\" data-element_type=\"widget\" data-e-type=\"widget\" data-widget_type=\"heading.default\">\n\t\t\t\t\t<h2 class=\"elementor-heading-title elementor-size-default\"><b>Melhores pr\u00e1ticas<\/b> em atendimento para ISPs<\/h2>\t\t\t\t<\/div>\n\t\t\t\t<div class=\"elementor-element elementor-element-8431640 elementor-widget elementor-widget-text-editor\" data-id=\"8431640\" data-element_type=\"widget\" data-e-type=\"widget\" data-widget_type=\"text-editor.default\">\n\t\t\t\t\t\t\t\t\t<p>Descubra as Melhores pr\u00e1ticas em atendimento para ISPs no nosso Webinar online realizado pelo Rodrigo Garcia, head de neg\u00f3cios da <em><strong>cVortex<\/strong><\/em>, junto com David Preciozo, head de parcerias da <em><strong>cVortex<\/strong><\/em>, e Luis Vieira, head de inova\u00e7\u00f5es da Alcans Telecom.<\/p>\t\t\t\t\t\t\t\t<\/div>\n\t\t\t\t<div class=\"elementor-element elementor-element-2bebf39 elementor-align-left elementor-widget elementor-widget-button\" data-id=\"2bebf39\" data-element_type=\"widget\" data-e-type=\"widget\" data-widget_type=\"button.default\">\n\t\t\t\t\t\t\t\t\t\t<a class=\"elementor-button elementor-button-link elementor-size-sm\" href=\"https:\/\/www.youtube.com\/watch?v=iHKoWK8F3R0\" target=\"_blank\">\n\t\t\t\t\t\t<span class=\"elementor-button-content-wrapper\">\n\t\t\t\t\t\t\t\t\t<span class=\"elementor-button-text\">Assista agora<\/span>\n\t\t\t\t\t<\/span>\n\t\t\t\t\t<\/a>\n\t\t\t\t\t\t\t\t<\/div>\n\t\t\t\t<\/div>\n\t\t\t\t\t<\/div>\n\t\t\t\t<\/div>\n\t\t<div class=\"elementor-element elementor-element-a11f0be e-flex e-con-boxed e-con e-parent\" data-id=\"a11f0be\" data-element_type=\"container\" data-e-type=\"container\" data-settings=\"{&quot;background_background&quot;:&quot;classic&quot;}\">\n\t\t\t\t\t<div class=\"e-con-inner\">\n\t\t<div class=\"elementor-element elementor-element-4b0ad86 e-con-full e-flex e-con e-child\" data-id=\"4b0ad86\" data-element_type=\"container\" data-e-type=\"container\">\n\t\t<div class=\"elementor-element elementor-element-0a7a4dc e-con-full e-flex e-con e-child\" data-id=\"0a7a4dc\" data-element_type=\"container\" data-e-type=\"container\" data-settings=\"{&quot;background_background&quot;:&quot;classic&quot;}\">\n\t\t\t\t<div class=\"elementor-element elementor-element-e413874 elementor-widget elementor-widget-heading\" data-id=\"e413874\" data-element_type=\"widget\" data-e-type=\"widget\" data-widget_type=\"heading.default\">\n\t\t\t\t\t<h2 class=\"elementor-heading-title elementor-size-default\">Webinar #04<\/h2>\t\t\t\t<\/div>\n\t\t\t\t<\/div>\n\t\t\t\t<div class=\"elementor-element elementor-element-2437759 elementor-widget elementor-widget-heading\" data-id=\"2437759\" data-element_type=\"widget\" data-e-type=\"widget\" data-widget_type=\"heading.default\">\n\t\t\t\t\t<h2 class=\"elementor-heading-title elementor-size-default\"><b>Desmistificando o autoatendimento:<\/b> melhores pr\u00e1ticas para chats inteligentes<\/h2>\t\t\t\t<\/div>\n\t\t\t\t<div class=\"elementor-element elementor-element-7ebff77 elementor-widget elementor-widget-text-editor\" data-id=\"7ebff77\" data-element_type=\"widget\" data-e-type=\"widget\" data-widget_type=\"text-editor.default\">\n\t\t\t\t\t\t\t\t\t<p>Neste webinar, voc\u00ea descobrir\u00e1 como otimizar seus chats inteligentes para oferecer um atendimento excepcional e aumentar a satisfa\u00e7\u00e3o dos seus clientes.<\/p><p><strong><span style=\"color: #0191ce;\">\u279c<\/span><\/strong> Como configurar e <strong>otimizar chats inteligentes<\/strong>.<br \/><strong><span style=\"color: #0191ce;\">\u279c<\/span><\/strong> <strong>Estrat\u00e9gias<\/strong> para personalizar o atendimento e aumentar a satisfa\u00e7\u00e3o do cliente.<br \/><strong><span style=\"color: #0191ce;\">\u279c<\/span><\/strong> <strong>Exemplos pr\u00e1ticos<\/strong> e estudos de caso de empresas que implementaram com sucesso chats inteligentes.<\/p>\t\t\t\t\t\t\t\t<\/div>\n\t\t\t\t<div class=\"elementor-element elementor-element-6fb6506 elementor-align-left elementor-widget elementor-widget-button\" data-id=\"6fb6506\" data-element_type=\"widget\" data-e-type=\"widget\" data-widget_type=\"button.default\">\n\t\t\t\t\t\t\t\t\t\t<a class=\"elementor-button elementor-button-link elementor-size-sm\" href=\"https:\/\/www.youtube.com\/watch?v=9vieQsWUxwI\" target=\"_blank\">\n\t\t\t\t\t\t<span class=\"elementor-button-content-wrapper\">\n\t\t\t\t\t\t\t\t\t<span class=\"elementor-button-text\">Assista agora<\/span>\n\t\t\t\t\t<\/span>\n\t\t\t\t\t<\/a>\n\t\t\t\t\t\t\t\t<\/div>\n\t\t\t\t<\/div>\n\t\t<div class=\"elementor-element elementor-element-edb9ddf e-con-full e-flex e-con e-child\" data-id=\"edb9ddf\" data-element_type=\"container\" data-e-type=\"container\">\n\t\t\t\t<div class=\"elementor-element elementor-element-2c7b915 elementor-widget elementor-widget-image\" data-id=\"2c7b915\" data-element_type=\"widget\" data-e-type=\"widget\" data-widget_type=\"image.default\">\n\t\t\t\t\t\t\t\t\t\t\t\t\t\t\t<img loading=\"lazy\" decoding=\"async\" width=\"640\" height=\"806\" src=\"https:\/\/demo.cooder.com.br\/cvortex\/wp-content\/uploads\/2025\/05\/webinar4.png\" class=\"attachment-full size-full wp-image-3060\" alt=\"\" srcset=\"https:\/\/demo.cooder.com.br\/cvortex\/wp-content\/uploads\/2025\/05\/webinar4.png 640w, https:\/\/demo.cooder.com.br\/cvortex\/wp-content\/uploads\/2025\/05\/webinar4-238x300.png 238w\" sizes=\"(max-width: 640px) 100vw, 640px\" \/>\t\t\t\t\t\t\t\t\t\t\t\t\t\t\t<\/div>\n\t\t\t\t<\/div>\n\t\t\t\t\t<\/div>\n\t\t\t\t<\/div>\n\t\t<div class=\"elementor-element elementor-element-e09a316 e-flex e-con-boxed e-con e-parent\" data-id=\"e09a316\" data-element_type=\"container\" data-e-type=\"container\">\n\t\t\t\t\t<div class=\"e-con-inner\">\n\t\t<div class=\"elementor-element elementor-element-d148f67 e-con-full e-flex e-con e-child\" data-id=\"d148f67\" data-element_type=\"container\" data-e-type=\"container\">\n\t\t\t\t<div class=\"elementor-element elementor-element-f8adcd9 elementor-widget elementor-widget-image\" data-id=\"f8adcd9\" data-element_type=\"widget\" data-e-type=\"widget\" data-widget_type=\"image.default\">\n\t\t\t\t\t\t\t\t\t\t\t\t\t\t\t<img loading=\"lazy\" decoding=\"async\" width=\"640\" height=\"360\" src=\"https:\/\/demo.cooder.com.br\/cvortex\/wp-content\/uploads\/2025\/05\/webinar5.png\" class=\"attachment-full size-full wp-image-3064\" alt=\"\" srcset=\"https:\/\/demo.cooder.com.br\/cvortex\/wp-content\/uploads\/2025\/05\/webinar5.png 640w, https:\/\/demo.cooder.com.br\/cvortex\/wp-content\/uploads\/2025\/05\/webinar5-300x169.png 300w\" sizes=\"(max-width: 640px) 100vw, 640px\" \/>\t\t\t\t\t\t\t\t\t\t\t\t\t\t\t<\/div>\n\t\t\t\t<\/div>\n\t\t<div class=\"elementor-element elementor-element-7fb63ca e-con-full e-flex e-con e-child\" data-id=\"7fb63ca\" data-element_type=\"container\" data-e-type=\"container\">\n\t\t<div class=\"elementor-element elementor-element-7e6edff e-con-full e-flex e-con e-child\" data-id=\"7e6edff\" data-element_type=\"container\" data-e-type=\"container\" data-settings=\"{&quot;background_background&quot;:&quot;classic&quot;}\">\n\t\t\t\t<div class=\"elementor-element elementor-element-f739ade elementor-widget elementor-widget-heading\" data-id=\"f739ade\" data-element_type=\"widget\" data-e-type=\"widget\" data-widget_type=\"heading.default\">\n\t\t\t\t\t<h2 class=\"elementor-heading-title elementor-size-default\">Webinar #05<\/h2>\t\t\t\t<\/div>\n\t\t\t\t<\/div>\n\t\t\t\t<div class=\"elementor-element elementor-element-b3e9827 elementor-widget elementor-widget-heading\" data-id=\"b3e9827\" data-element_type=\"widget\" data-e-type=\"widget\" data-widget_type=\"heading.default\">\n\t\t\t\t\t<h2 class=\"elementor-heading-title elementor-size-default\"><b>WhatsApp como canal<\/b> de alta convers\u00e3o<\/h2>\t\t\t\t<\/div>\n\t\t\t\t<div class=\"elementor-element elementor-element-5bfb303 elementor-widget elementor-widget-text-editor\" data-id=\"5bfb303\" data-element_type=\"widget\" data-e-type=\"widget\" data-widget_type=\"text-editor.default\">\n\t\t\t\t\t\t\t\t\t<p>Confira a Masterclass sobre WhatsApp Como Canal de Alta Convers\u00e3o, que vai te ajudar a potencializar as estrat\u00e9gias de uso do WhatsApp em todas as etapas de comunica\u00e7\u00e3o com seu cliente.<\/p><p>Rodrigo Garcia, Head de Neg\u00f3cios da cVortex, e Leonardo de Paula, com 15 anos de experi\u00eancia e uma carreira brilhante, hoje Head na @gupshup.io, tiveram um bate papo sobre o assunto.<\/p>\t\t\t\t\t\t\t\t<\/div>\n\t\t\t\t<div class=\"elementor-element elementor-element-d878fc6 elementor-align-left elementor-widget elementor-widget-button\" data-id=\"d878fc6\" data-element_type=\"widget\" data-e-type=\"widget\" data-widget_type=\"button.default\">\n\t\t\t\t\t\t\t\t\t\t<a class=\"elementor-button elementor-button-link elementor-size-sm\" href=\"https:\/\/www.youtube.com\/watch?v=wj77-4UmvPw\" target=\"_blank\">\n\t\t\t\t\t\t<span class=\"elementor-button-content-wrapper\">\n\t\t\t\t\t\t\t\t\t<span class=\"elementor-button-text\">Assista agora<\/span>\n\t\t\t\t\t<\/span>\n\t\t\t\t\t<\/a>\n\t\t\t\t\t\t\t\t<\/div>\n\t\t\t\t<\/div>\n\t\t\t\t\t<\/div>\n\t\t\t\t<\/div>\n\t\t\t\t<\/div>\n\t\t","protected":false},"excerpt":{"rendered":"<p>Explore o conhecimento com os l\u00edderes em atendimento omnichannel e tecnologia Assista aos nossos webinars ao vivo e tenha acesso \u00e0s grava\u00e7\u00f5es dos eventos anteriores, onde destacamos as pr\u00e1ticas mais eficazes, inova\u00e7\u00f5es e estrat\u00e9gias para transformar o atendimento ao cliente. Inscreva-se para obter insights valiosos e se destacar no mercado. Seja o primeiro a saber [&hellip;]<\/p>\n","protected":false},"author":2,"featured_media":0,"parent":0,"menu_order":0,"comment_status":"closed","ping_status":"closed","template":"elementor_header_footer","meta":{"footnotes":""},"class_list":["post-2841","page","type-page","status-publish","hentry"],"_links":{"self":[{"href":"https:\/\/demo.cooder.com.br\/cvortex\/wp-json\/wp\/v2\/pages\/2841","targetHints":{"allow":["GET"]}}],"collection":[{"href":"https:\/\/demo.cooder.com.br\/cvortex\/wp-json\/wp\/v2\/pages"}],"about":[{"href":"https:\/\/demo.cooder.com.br\/cvortex\/wp-json\/wp\/v2\/types\/page"}],"author":[{"embeddable":true,"href":"https:\/\/demo.cooder.com.br\/cvortex\/wp-json\/wp\/v2\/users\/2"}],"replies":[{"embeddable":true,"href":"https:\/\/demo.cooder.com.br\/cvortex\/wp-json\/wp\/v2\/comments?post=2841"}],"version-history":[{"count":67,"href":"https:\/\/demo.cooder.com.br\/cvortex\/wp-json\/wp\/v2\/pages\/2841\/revisions"}],"predecessor-version":[{"id":16554,"href":"https:\/\/demo.cooder.com.br\/cvortex\/wp-json\/wp\/v2\/pages\/2841\/revisions\/16554"}],"wp:attachment":[{"href":"https:\/\/demo.cooder.com.br\/cvortex\/wp-json\/wp\/v2\/media?parent=2841"}],"curies":[{"name":"wp","href":"https:\/\/api.w.org\/{rel}","templated":true}]}}