{"id":2839,"date":"2025-05-19T18:51:15","date_gmt":"2025-05-19T21:51:15","guid":{"rendered":"https:\/\/demo.cooder.com.br\/cvortex\/?page_id=2839"},"modified":"2025-06-17T15:46:10","modified_gmt":"2025-06-17T18:46:10","slug":"conteudo","status":"publish","type":"page","link":"https:\/\/demo.cooder.com.br\/cvortex\/conteudo\/","title":{"rendered":"Conte\u00fado"},"content":{"rendered":"\t\t<div data-elementor-type=\"wp-page\" data-elementor-id=\"2839\" class=\"elementor elementor-2839\" data-elementor-post-type=\"page\">\n\t\t\t\t<div class=\"elementor-element elementor-element-fb29a7d e-flex e-con-boxed e-con e-parent\" data-id=\"fb29a7d\" data-element_type=\"container\" data-e-type=\"container\" data-settings=\"{&quot;background_background&quot;:&quot;classic&quot;}\">\n\t\t\t\t\t<div class=\"e-con-inner\">\n\t\t<div class=\"elementor-element elementor-element-d307493 e-con-full e-flex e-con e-child\" data-id=\"d307493\" data-element_type=\"container\" data-e-type=\"container\" data-settings=\"{&quot;background_background&quot;:&quot;classic&quot;}\">\n\t\t\t\t<div class=\"elementor-element elementor-element-7122e8b elementor-widget elementor-widget-image\" data-id=\"7122e8b\" data-element_type=\"widget\" data-e-type=\"widget\" data-widget_type=\"image.default\">\n\t\t\t\t\t\t\t\t\t\t\t\t\t\t\t<img fetchpriority=\"high\" decoding=\"async\" width=\"640\" height=\"616\" src=\"https:\/\/demo.cooder.com.br\/cvortex\/wp-content\/uploads\/2025\/05\/banner-conteudo.jpg\" class=\"attachment-full size-full wp-image-3002\" alt=\"\" srcset=\"https:\/\/demo.cooder.com.br\/cvortex\/wp-content\/uploads\/2025\/05\/banner-conteudo.jpg 640w, https:\/\/demo.cooder.com.br\/cvortex\/wp-content\/uploads\/2025\/05\/banner-conteudo-300x289.jpg 300w\" sizes=\"(max-width: 640px) 100vw, 640px\" \/>\t\t\t\t\t\t\t\t\t\t\t\t\t\t\t<\/div>\n\t\t\t\t<\/div>\n\t\t<div class=\"elementor-element elementor-element-4a6d1bd e-con-full e-flex e-con e-child\" data-id=\"4a6d1bd\" data-element_type=\"container\" data-e-type=\"container\">\n\t\t\t\t<div class=\"elementor-element elementor-element-80d9817 elementor-widget__width-initial elementor-widget elementor-widget-heading\" data-id=\"80d9817\" data-element_type=\"widget\" data-e-type=\"widget\" data-widget_type=\"heading.default\">\n\t\t\t\t\t<h1 class=\"elementor-heading-title elementor-size-default\">Aprenda com os melhores especialistas em <b>atendimento omnichannel e tecnologia<\/b><\/h1>\t\t\t\t<\/div>\n\t\t\t\t<div class=\"elementor-element elementor-element-f796bc7 elementor-widget elementor-widget-text-editor\" data-id=\"f796bc7\" data-element_type=\"widget\" data-e-type=\"widget\" data-widget_type=\"text-editor.default\">\n\t\t\t\t\t\t\t\t\t<p>Participe dos nossos webinars ao vivo e acesse grava\u00e7\u00f5es de eventos passados, onde compartilhamos as melhores pr\u00e1ticas, inova\u00e7\u00f5es e estrat\u00e9gias para revolucionar o atendimento ao cliente. Inscreva-se para adquirir conhecimento valioso e ficar \u00e0 frente no mercado.<\/p>\t\t\t\t\t\t\t\t<\/div>\n\t\t\t\t<div class=\"elementor-element elementor-element-190718d elementor-align-left elementor-widget elementor-widget-button\" data-id=\"190718d\" data-element_type=\"widget\" data-e-type=\"widget\" data-widget_type=\"button.default\">\n\t\t\t\t\t\t\t\t\t\t<a class=\"elementor-button elementor-button-link elementor-size-sm\" href=\"#\">\n\t\t\t\t\t\t<span class=\"elementor-button-content-wrapper\">\n\t\t\t\t\t\t\t\t\t<span class=\"elementor-button-text\">Receba em primeira m\u00e3o an\u00fancio de novos webinars<\/span>\n\t\t\t\t\t<\/span>\n\t\t\t\t\t<\/a>\n\t\t\t\t\t\t\t\t<\/div>\n\t\t\t\t<\/div>\n\t\t\t\t\t<\/div>\n\t\t\t\t<\/div>\n\t\t<div class=\"elementor-element elementor-element-11d092d e-flex e-con-boxed e-con e-parent\" data-id=\"11d092d\" data-element_type=\"container\" data-e-type=\"container\">\n\t\t\t\t\t<div class=\"e-con-inner\">\n\t\t<div class=\"elementor-element elementor-element-add2b41 e-con-full e-flex e-con e-child\" data-id=\"add2b41\" data-element_type=\"container\" data-e-type=\"container\" data-settings=\"{&quot;background_background&quot;:&quot;classic&quot;}\">\n\t\t\t\t<div class=\"elementor-element elementor-element-2567161 elementor-widget__width-inherit elementor-widget elementor-widget-image\" data-id=\"2567161\" data-element_type=\"widget\" data-e-type=\"widget\" data-widget_type=\"image.default\">\n\t\t\t\t\t\t\t\t\t\t\t\t\t\t\t<img decoding=\"async\" width=\"465\" height=\"339\" src=\"https:\/\/demo.cooder.com.br\/cvortex\/wp-content\/uploads\/2025\/05\/webinar-01.png\" class=\"attachment-large size-large wp-image-3329\" alt=\"\" srcset=\"https:\/\/demo.cooder.com.br\/cvortex\/wp-content\/uploads\/2025\/05\/webinar-01.png 465w, https:\/\/demo.cooder.com.br\/cvortex\/wp-content\/uploads\/2025\/05\/webinar-01-300x219.png 300w\" sizes=\"(max-width: 465px) 100vw, 465px\" \/>\t\t\t\t\t\t\t\t\t\t\t\t\t\t\t<\/div>\n\t\t\t\t<div class=\"elementor-element elementor-element-ce39377 elementor-widget elementor-widget-heading\" data-id=\"ce39377\" data-element_type=\"widget\" data-e-type=\"widget\" data-widget_type=\"heading.default\">\n\t\t\t\t\t<h5 class=\"elementor-heading-title elementor-size-default\">Webinar 01<\/h5>\t\t\t\t<\/div>\n\t\t\t\t<div class=\"elementor-element elementor-element-bc8bfc4 elementor-widget__width-initial elementor-widget elementor-widget-text-editor\" data-id=\"bc8bfc4\" data-element_type=\"widget\" data-e-type=\"widget\" data-widget_type=\"text-editor.default\">\n\t\t\t\t\t\t\t\t\t<p>Como Empresas com Alto Fluxo de Atendimento Resolvem os Seus Maiores Gargalos.<\/p>\t\t\t\t\t\t\t\t<\/div>\n\t\t\t\t<div class=\"elementor-element elementor-element-f46c59e elementor-tablet-align-left elementor-widget elementor-widget-button\" data-id=\"f46c59e\" data-element_type=\"widget\" data-e-type=\"widget\" data-widget_type=\"button.default\">\n\t\t\t\t\t\t\t\t\t\t<a class=\"elementor-button elementor-button-link elementor-size-sm\" href=\"#\">\n\t\t\t\t\t\t<span class=\"elementor-button-content-wrapper\">\n\t\t\t\t\t\t\t\t\t<span class=\"elementor-button-text\">Clique aqui<\/span>\n\t\t\t\t\t<\/span>\n\t\t\t\t\t<\/a>\n\t\t\t\t\t\t\t\t<\/div>\n\t\t\t\t<\/div>\n\t\t<div class=\"elementor-element elementor-element-762e2ee e-con-full e-flex e-con e-child\" data-id=\"762e2ee\" data-element_type=\"container\" data-e-type=\"container\" data-settings=\"{&quot;background_background&quot;:&quot;classic&quot;}\">\n\t\t\t\t<div class=\"elementor-element elementor-element-29f7271 elementor-widget__width-inherit elementor-widget elementor-widget-image\" data-id=\"29f7271\" data-element_type=\"widget\" data-e-type=\"widget\" data-widget_type=\"image.default\">\n\t\t\t\t\t\t\t\t\t\t\t\t\t\t\t<img decoding=\"async\" width=\"464\" height=\"339\" src=\"https:\/\/demo.cooder.com.br\/cvortex\/wp-content\/uploads\/2025\/05\/webinar-02.png\" class=\"attachment-large size-large wp-image-3223\" alt=\"\" srcset=\"https:\/\/demo.cooder.com.br\/cvortex\/wp-content\/uploads\/2025\/05\/webinar-02.png 464w, https:\/\/demo.cooder.com.br\/cvortex\/wp-content\/uploads\/2025\/05\/webinar-02-300x219.png 300w\" sizes=\"(max-width: 464px) 100vw, 464px\" \/>\t\t\t\t\t\t\t\t\t\t\t\t\t\t\t<\/div>\n\t\t\t\t<div class=\"elementor-element elementor-element-a3e5fdf elementor-widget elementor-widget-heading\" data-id=\"a3e5fdf\" data-element_type=\"widget\" data-e-type=\"widget\" data-widget_type=\"heading.default\">\n\t\t\t\t\t<h5 class=\"elementor-heading-title elementor-size-default\">Webinar 02<\/h5>\t\t\t\t<\/div>\n\t\t\t\t<div class=\"elementor-element elementor-element-b5781c7 elementor-widget__width-initial elementor-widget elementor-widget-text-editor\" data-id=\"b5781c7\" data-element_type=\"widget\" data-e-type=\"widget\" data-widget_type=\"text-editor.default\">\n\t\t\t\t\t\t\t\t\t<p>Impacto da IA no Atendimento ao Cliente das Maiores Empresas do Brasil.<\/p>\t\t\t\t\t\t\t\t<\/div>\n\t\t\t\t<div class=\"elementor-element elementor-element-2b0f487 elementor-widget elementor-widget-button\" data-id=\"2b0f487\" data-element_type=\"widget\" data-e-type=\"widget\" data-widget_type=\"button.default\">\n\t\t\t\t\t\t\t\t\t\t<a class=\"elementor-button elementor-button-link elementor-size-sm\" href=\"#\">\n\t\t\t\t\t\t<span class=\"elementor-button-content-wrapper\">\n\t\t\t\t\t\t\t\t\t<span class=\"elementor-button-text\">Clique aqui<\/span>\n\t\t\t\t\t<\/span>\n\t\t\t\t\t<\/a>\n\t\t\t\t\t\t\t\t<\/div>\n\t\t\t\t<\/div>\n\t\t\t\t\t<\/div>\n\t\t\t\t<\/div>\n\t\t<div class=\"elementor-element elementor-element-3865f48 e-flex e-con-boxed e-con e-parent\" data-id=\"3865f48\" data-element_type=\"container\" data-e-type=\"container\">\n\t\t\t\t\t<div class=\"e-con-inner\">\n\t\t\t\t<div class=\"elementor-element elementor-element-c3cda15 elementor-widget elementor-widget-button\" data-id=\"c3cda15\" data-element_type=\"widget\" data-e-type=\"widget\" data-widget_type=\"button.default\">\n\t\t\t\t\t\t\t\t\t\t<a class=\"elementor-button elementor-button-link elementor-size-sm\" href=\"https:\/\/demo.cooder.com.br\/cvortex\/webinars\/\">\n\t\t\t\t\t\t<span class=\"elementor-button-content-wrapper\">\n\t\t\t\t\t\t\t\t\t<span class=\"elementor-button-text\">Assistir todos os webinars<\/span>\n\t\t\t\t\t<\/span>\n\t\t\t\t\t<\/a>\n\t\t\t\t\t\t\t\t<\/div>\n\t\t\t\t\t<\/div>\n\t\t\t\t<\/div>\n\t\t<div class=\"elementor-element elementor-element-0f0882c e-flex e-con-boxed e-con e-parent\" data-id=\"0f0882c\" data-element_type=\"container\" data-e-type=\"container\" data-settings=\"{&quot;background_background&quot;:&quot;classic&quot;}\">\n\t\t\t\t\t<div class=\"e-con-inner\">\n\t\t<div class=\"elementor-element elementor-element-cb3f0f9 e-con-full e-flex e-con e-child\" data-id=\"cb3f0f9\" data-element_type=\"container\" data-e-type=\"container\">\n\t\t\t\t<div class=\"elementor-element elementor-element-69fa682 elementor-widget elementor-widget-image\" data-id=\"69fa682\" data-element_type=\"widget\" data-e-type=\"widget\" data-widget_type=\"image.default\">\n\t\t\t\t\t\t\t\t\t\t\t\t\t\t\t<img loading=\"lazy\" decoding=\"async\" width=\"640\" height=\"554\" src=\"https:\/\/demo.cooder.com.br\/cvortex\/wp-content\/uploads\/2025\/05\/conversas.jpg\" class=\"attachment-large size-large wp-image-3296\" alt=\"\" srcset=\"https:\/\/demo.cooder.com.br\/cvortex\/wp-content\/uploads\/2025\/05\/conversas.jpg 640w, https:\/\/demo.cooder.com.br\/cvortex\/wp-content\/uploads\/2025\/05\/conversas-300x260.jpg 300w\" sizes=\"(max-width: 640px) 100vw, 640px\" \/>\t\t\t\t\t\t\t\t\t\t\t\t\t\t\t<\/div>\n\t\t\t\t<\/div>\n\t\t<div class=\"elementor-element elementor-element-1eb125e e-con-full e-flex e-con e-child\" data-id=\"1eb125e\" data-element_type=\"container\" data-e-type=\"container\">\n\t\t\t\t<div class=\"elementor-element elementor-element-c4c0da4 elementor-widget-tablet__width-initial elementor-widget elementor-widget-heading\" data-id=\"c4c0da4\" data-element_type=\"widget\" data-e-type=\"widget\" data-widget_type=\"heading.default\">\n\t\t\t\t\t<h2 class=\"elementor-heading-title elementor-size-default\">Conversas inspiradoras sobre <b>transforma\u00e7\u00e3o digital e atendimento omnichannel<\/b><\/h2>\t\t\t\t<\/div>\n\t\t\t\t<div class=\"elementor-element elementor-element-599b42b elementor-widget elementor-widget-text-editor\" data-id=\"599b42b\" data-element_type=\"widget\" data-e-type=\"widget\" data-widget_type=\"text-editor.default\">\n\t\t\t\t\t\t\t\t\t<p>Ou\u00e7a especialistas e l\u00edderes de mercado discutindo as \u00faltimas tend\u00eancias e inova\u00e7\u00f5es em atendimento ao cliente e tecnologia. Nossos epis\u00f3dios do podcast <b>cVortex <\/b>Talks oferecem insights profundos e pr\u00e1ticos para transformar seu neg\u00f3cio e otimizar a experi\u00eancia do cliente.<\/p>\t\t\t\t\t\t\t\t<\/div>\n\t\t\t\t<div class=\"elementor-element elementor-element-b41fae5 elementor-align-left elementor-widget elementor-widget-button\" data-id=\"b41fae5\" data-element_type=\"widget\" data-e-type=\"widget\" data-widget_type=\"button.default\">\n\t\t\t\t\t\t\t\t\t\t<a class=\"elementor-button elementor-button-link elementor-size-sm\" href=\"https:\/\/www.youtube.com\/@cvortex.digital\" target=\"_blank\">\n\t\t\t\t\t\t<span class=\"elementor-button-content-wrapper\">\n\t\t\t\t\t\t\t\t\t<span class=\"elementor-button-text\">Se inscreva no cVortex Talks<\/span>\n\t\t\t\t\t<\/span>\n\t\t\t\t\t<\/a>\n\t\t\t\t\t\t\t\t<\/div>\n\t\t\t\t<\/div>\n\t\t\t\t\t<\/div>\n\t\t\t\t<\/div>\n\t\t<div class=\"elementor-element elementor-element-c3bdcf6 e-flex e-con-boxed e-con e-parent\" data-id=\"c3bdcf6\" data-element_type=\"container\" data-e-type=\"container\">\n\t\t\t\t\t<div class=\"e-con-inner\">\n\t\t<div class=\"elementor-element elementor-element-e64a915 e-con-full e-flex e-con e-child\" data-id=\"e64a915\" data-element_type=\"container\" data-e-type=\"container\" data-settings=\"{&quot;background_background&quot;:&quot;classic&quot;}\">\n\t\t\t\t<div class=\"elementor-element elementor-element-bda0a80 elementor-widget__width-initial elementor-widget elementor-widget-image\" data-id=\"bda0a80\" data-element_type=\"widget\" data-e-type=\"widget\" data-widget_type=\"image.default\">\n\t\t\t\t\t\t\t\t\t\t\t\t\t\t\t<img loading=\"lazy\" decoding=\"async\" width=\"464\" height=\"262\" src=\"https:\/\/demo.cooder.com.br\/cvortex\/wp-content\/uploads\/2025\/05\/episodio-1.png\" class=\"attachment-large size-large wp-image-3307\" alt=\"\" srcset=\"https:\/\/demo.cooder.com.br\/cvortex\/wp-content\/uploads\/2025\/05\/episodio-1.png 464w, https:\/\/demo.cooder.com.br\/cvortex\/wp-content\/uploads\/2025\/05\/episodio-1-300x169.png 300w\" sizes=\"(max-width: 464px) 100vw, 464px\" \/>\t\t\t\t\t\t\t\t\t\t\t\t\t\t\t<\/div>\n\t\t\t\t<div class=\"elementor-element elementor-element-47b3aa8 elementor-widget elementor-widget-heading\" data-id=\"47b3aa8\" data-element_type=\"widget\" data-e-type=\"widget\" data-widget_type=\"heading.default\">\n\t\t\t\t\t<h5 class=\"elementor-heading-title elementor-size-default\">Epis\u00f3dio 01<\/h5>\t\t\t\t<\/div>\n\t\t\t\t<div class=\"elementor-element elementor-element-96ca362 elementor-widget__width-initial elementor-widget elementor-widget-text-editor\" data-id=\"96ca362\" data-element_type=\"widget\" data-e-type=\"widget\" data-widget_type=\"text-editor.default\">\n\t\t\t\t\t\t\t\t\t<p>Este \u00e9 o primeiro epis\u00f3dio e recebemos<strong>\u00a0Weder Costa, CEO na IA Generativa<\/strong>, junto com o nosso host convidado, Cleiton Campano, Customer Experience Director na Growmate, e co-host Rodrigo Garcia, head de neg\u00f3cios na <strong>cVortex<\/strong>.<\/p>\t\t\t\t\t\t\t\t<\/div>\n\t\t\t\t<\/div>\n\t\t<div class=\"elementor-element elementor-element-e0afaf9 e-con-full e-flex e-con e-child\" data-id=\"e0afaf9\" data-element_type=\"container\" data-e-type=\"container\" data-settings=\"{&quot;background_background&quot;:&quot;classic&quot;}\">\n\t\t\t\t<div class=\"elementor-element elementor-element-0299eae elementor-widget elementor-widget-image\" data-id=\"0299eae\" data-element_type=\"widget\" data-e-type=\"widget\" data-widget_type=\"image.default\">\n\t\t\t\t\t\t\t\t\t\t\t\t\t\t\t<img loading=\"lazy\" decoding=\"async\" width=\"464\" height=\"262\" src=\"https:\/\/demo.cooder.com.br\/cvortex\/wp-content\/uploads\/2025\/05\/episodio-2.png\" class=\"attachment-large size-large wp-image-3308\" alt=\"\" srcset=\"https:\/\/demo.cooder.com.br\/cvortex\/wp-content\/uploads\/2025\/05\/episodio-2.png 464w, https:\/\/demo.cooder.com.br\/cvortex\/wp-content\/uploads\/2025\/05\/episodio-2-300x169.png 300w\" sizes=\"(max-width: 464px) 100vw, 464px\" \/>\t\t\t\t\t\t\t\t\t\t\t\t\t\t\t<\/div>\n\t\t\t\t<div class=\"elementor-element elementor-element-76ebad2 elementor-widget elementor-widget-heading\" data-id=\"76ebad2\" data-element_type=\"widget\" data-e-type=\"widget\" data-widget_type=\"heading.default\">\n\t\t\t\t\t<h5 class=\"elementor-heading-title elementor-size-default\">Epis\u00f3dio 02<\/h5>\t\t\t\t<\/div>\n\t\t\t\t<div class=\"elementor-element elementor-element-892bfbf elementor-widget__width-initial elementor-widget elementor-widget-text-editor\" data-id=\"892bfbf\" data-element_type=\"widget\" data-e-type=\"widget\" data-widget_type=\"text-editor.default\">\n\t\t\t\t\t\t\t\t\t<p>Recebemos\u00a0<strong>Ferdinando Kun, L\u00edder<\/strong> <strong>de Comunidade da UberHub<\/strong>, e\u00a0<strong>Michael Henrique, Diretor de Tecnologia da cVortex<\/strong>, para um bate papo muito rico sobre IA.<\/p>\t\t\t\t\t\t\t\t<\/div>\n\t\t\t\t<\/div>\n\t\t\t\t\t<\/div>\n\t\t\t\t<\/div>\n\t\t<div class=\"elementor-element elementor-element-a58e73c e-flex e-con-boxed e-con e-parent\" data-id=\"a58e73c\" data-element_type=\"container\" data-e-type=\"container\">\n\t\t\t\t\t<div class=\"e-con-inner\">\n\t\t\t\t<div class=\"elementor-element elementor-element-a6bf0f8 elementor-widget elementor-widget-button\" data-id=\"a6bf0f8\" data-element_type=\"widget\" data-e-type=\"widget\" data-widget_type=\"button.default\">\n\t\t\t\t\t\t\t\t\t\t<a class=\"elementor-button elementor-button-link elementor-size-sm\" href=\"https:\/\/www.youtube.com\/@cvortex.digital\" target=\"_blank\">\n\t\t\t\t\t\t<span class=\"elementor-button-content-wrapper\">\n\t\t\t\t\t\t\t\t\t<span class=\"elementor-button-text\">Assistir todos os podcasts<\/span>\n\t\t\t\t\t<\/span>\n\t\t\t\t\t<\/a>\n\t\t\t\t\t\t\t\t<\/div>\n\t\t\t\t\t<\/div>\n\t\t\t\t<\/div>\n\t\t<div class=\"elementor-element elementor-element-3c18d73 e-flex e-con-boxed e-con e-parent\" data-id=\"3c18d73\" data-element_type=\"container\" data-e-type=\"container\" data-settings=\"{&quot;background_background&quot;:&quot;classic&quot;}\">\n\t\t\t\t\t<div class=\"e-con-inner\">\n\t\t<div class=\"elementor-element elementor-element-0ad3e23 e-con-full e-flex e-con e-child\" data-id=\"0ad3e23\" data-element_type=\"container\" data-e-type=\"container\">\n\t\t<div class=\"elementor-element elementor-element-4e1ddec e-con-full e-flex e-con e-child\" data-id=\"4e1ddec\" data-element_type=\"container\" data-e-type=\"container\">\n\t\t\t\t<div class=\"elementor-element elementor-element-842eb73 elementor-widget__width-initial elementor-widget elementor-widget-heading\" data-id=\"842eb73\" data-element_type=\"widget\" data-e-type=\"widget\" data-widget_type=\"heading.default\">\n\t\t\t\t\t<h2 class=\"elementor-heading-title elementor-size-default\"><b>Biblioteca de materiais ricos cVortex: <\/b>ebooks, guias e folders para potencializar seu conhecimento<\/h2>\t\t\t\t<\/div>\n\t\t\t\t<\/div>\n\t\t<div class=\"elementor-element elementor-element-1708a54 e-con-full e-flex e-con e-child\" data-id=\"1708a54\" data-element_type=\"container\" data-e-type=\"container\">\n\t\t\t\t<div class=\"elementor-element elementor-element-38e09f0 elementor-widget elementor-widget-image\" data-id=\"38e09f0\" data-element_type=\"widget\" data-e-type=\"widget\" data-widget_type=\"image.default\">\n\t\t\t\t\t\t\t\t\t\t\t\t\t\t\t<img loading=\"lazy\" decoding=\"async\" width=\"428\" height=\"373\" src=\"https:\/\/demo.cooder.com.br\/cvortex\/wp-content\/uploads\/2025\/05\/biblioteca.png\" class=\"attachment-large size-large wp-image-3327\" alt=\"\" srcset=\"https:\/\/demo.cooder.com.br\/cvortex\/wp-content\/uploads\/2025\/05\/biblioteca.png 428w, https:\/\/demo.cooder.com.br\/cvortex\/wp-content\/uploads\/2025\/05\/biblioteca-300x261.png 300w\" sizes=\"(max-width: 428px) 100vw, 428px\" \/>\t\t\t\t\t\t\t\t\t\t\t\t\t\t\t<\/div>\n\t\t\t\t<\/div>\n\t\t\t\t<\/div>\n\t\t<div class=\"elementor-element elementor-element-9dab8f9 e-con-full e-flex e-con e-child\" data-id=\"9dab8f9\" data-element_type=\"container\" data-e-type=\"container\">\n\t\t\t\t<div class=\"elementor-element elementor-element-4d8b9a3 elementor-widget elementor-widget-text-editor\" data-id=\"4d8b9a3\" data-element_type=\"widget\" data-e-type=\"widget\" data-widget_type=\"text-editor.default\">\n\t\t\t\t\t\t\t\t\t<p style=\"text-align: center;\">Acesse nossa cole\u00e7\u00e3o de materiais ricos, incluindo eBooks, guias detalhados e folders informativos, desenvolvidos para ajudar voc\u00ea a implementar estrat\u00e9gias eficazes de atendimento omnichannel e aproveitar ao m\u00e1ximo as inova\u00e7\u00f5es tecnol\u00f3gicas. Obtenha recursos valiosos para aprimorar seu neg\u00f3cio e alcan\u00e7ar resultados excepcionais.<\/p>\t\t\t\t\t\t\t\t<\/div>\n\t\t\t\t<div class=\"elementor-element elementor-element-5876e8f elementor-widget elementor-widget-button\" data-id=\"5876e8f\" data-element_type=\"widget\" data-e-type=\"widget\" data-widget_type=\"button.default\">\n\t\t\t\t\t\t\t\t\t\t<a class=\"elementor-button elementor-button-link elementor-size-sm\" href=\"https:\/\/demo.cooder.com.br\/cvortex\/materiais-ricos\/\">\n\t\t\t\t\t\t<span class=\"elementor-button-content-wrapper\">\n\t\t\t\t\t\t\t\t\t<span class=\"elementor-button-text\">Acesse agora<\/span>\n\t\t\t\t\t<\/span>\n\t\t\t\t\t<\/a>\n\t\t\t\t\t\t\t\t<\/div>\n\t\t\t\t<\/div>\n\t\t\t\t\t<\/div>\n\t\t\t\t<\/div>\n\t\t\t\t<\/div>\n\t\t","protected":false},"excerpt":{"rendered":"<p>Aprenda com os melhores especialistas em atendimento omnichannel e tecnologia Participe dos nossos webinars ao vivo e acesse grava\u00e7\u00f5es de eventos passados, onde compartilhamos as melhores pr\u00e1ticas, inova\u00e7\u00f5es e estrat\u00e9gias para revolucionar o atendimento ao cliente. Inscreva-se para adquirir conhecimento valioso e ficar \u00e0 frente no mercado. Receba em primeira m\u00e3o an\u00fancio de novos webinars [&hellip;]<\/p>\n","protected":false},"author":2,"featured_media":0,"parent":0,"menu_order":0,"comment_status":"closed","ping_status":"closed","template":"elementor_header_footer","meta":{"footnotes":""},"class_list":["post-2839","page","type-page","status-publish","hentry"],"_links":{"self":[{"href":"https:\/\/demo.cooder.com.br\/cvortex\/wp-json\/wp\/v2\/pages\/2839","targetHints":{"allow":["GET"]}}],"collection":[{"href":"https:\/\/demo.cooder.com.br\/cvortex\/wp-json\/wp\/v2\/pages"}],"about":[{"href":"https:\/\/demo.cooder.com.br\/cvortex\/wp-json\/wp\/v2\/types\/page"}],"author":[{"embeddable":true,"href":"https:\/\/demo.cooder.com.br\/cvortex\/wp-json\/wp\/v2\/users\/2"}],"replies":[{"embeddable":true,"href":"https:\/\/demo.cooder.com.br\/cvortex\/wp-json\/wp\/v2\/comments?post=2839"}],"version-history":[{"count":57,"href":"https:\/\/demo.cooder.com.br\/cvortex\/wp-json\/wp\/v2\/pages\/2839\/revisions"}],"predecessor-version":[{"id":16605,"href":"https:\/\/demo.cooder.com.br\/cvortex\/wp-json\/wp\/v2\/pages\/2839\/revisions\/16605"}],"wp:attachment":[{"href":"https:\/\/demo.cooder.com.br\/cvortex\/wp-json\/wp\/v2\/media?parent=2839"}],"curies":[{"name":"wp","href":"https:\/\/api.w.org\/{rel}","templated":true}]}}