{"id":16074,"date":"2025-06-12T10:19:48","date_gmt":"2025-06-12T13:19:48","guid":{"rendered":"https:\/\/demo.cooder.com.br\/cvortex\/?page_id=16074"},"modified":"2025-07-17T01:27:05","modified_gmt":"2025-07-17T04:27:05","slug":"demo-online","status":"publish","type":"page","link":"https:\/\/demo.cooder.com.br\/cvortex\/demo-online\/","title":{"rendered":"Demonstra\u00e7\u00e3o Online"},"content":{"rendered":"\t\t<div data-elementor-type=\"wp-page\" data-elementor-id=\"16074\" class=\"elementor elementor-16074\" data-elementor-post-type=\"page\">\n\t\t\t\t<div class=\"elementor-element elementor-element-18f40d9c e-flex e-con-boxed e-con e-parent\" data-id=\"18f40d9c\" data-element_type=\"container\" data-e-type=\"container\">\n\t\t\t\t\t<div class=\"e-con-inner\">\n\t\t\t\t<div class=\"elementor-element elementor-element-61fd67d5 elementor-widget elementor-widget-heading\" data-id=\"61fd67d5\" data-element_type=\"widget\" data-e-type=\"widget\" data-widget_type=\"heading.default\">\n\t\t\t\t\t<h1 class=\"elementor-heading-title elementor-size-default\">Demonstra\u00e7\u00e3o Online\n<\/h1>\t\t\t\t<\/div>\n\t\t\t\t<div class=\"elementor-element elementor-element-f79572f elementor-widget elementor-widget-heading\" data-id=\"f79572f\" data-element_type=\"widget\" data-e-type=\"widget\" data-widget_type=\"heading.default\">\n\t\t\t\t\t<h3 class=\"elementor-heading-title elementor-size-default\">Teste Agora<\/h3>\t\t\t\t<\/div>\n\t\t\t\t<div class=\"elementor-element elementor-element-5333c36f elementor-widget__width-initial elementor-widget elementor-widget-heading\" data-id=\"5333c36f\" data-element_type=\"widget\" data-e-type=\"widget\" data-widget_type=\"heading.default\">\n\t\t\t\t\t<p class=\"elementor-heading-title elementor-size-default\">Nesta demonstra\u00e7\u00e3o, voc\u00ea conhecer\u00e1 nossa interface intuitiva e os diferenciais que fazem da cVortex uma solu\u00e7\u00e3o verdadeiramente omnichannel, com suporte pr\u00f3prio, tecnologia brasileira e configura\u00e7\u00e3o simples.<\/p>\t\t\t\t<\/div>\n\t\t\t\t<div class=\"elementor-element elementor-element-027c8d1 elementor-widget__width-initial elementor-widget elementor-widget-heading\" data-id=\"027c8d1\" data-element_type=\"widget\" data-e-type=\"widget\" data-widget_type=\"heading.default\">\n\t\t\t\t\t<p class=\"elementor-heading-title elementor-size-default\">Teste nossas solu\u00e7\u00f5es em tempo real e veja os benef\u00edcios que podemos oferecer.<\/p>\t\t\t\t<\/div>\n\t\t<div class=\"elementor-element elementor-element-2496b3d6 e-con-full e-flex e-con e-child\" data-id=\"2496b3d6\" data-element_type=\"container\" data-e-type=\"container\">\n\t\t<div class=\"elementor-element elementor-element-66ec6fca e-con-full e-flex e-con e-child\" data-id=\"66ec6fca\" data-element_type=\"container\" data-e-type=\"container\" data-settings=\"{&quot;background_background&quot;:&quot;classic&quot;}\">\n\t\t<div class=\"elementor-element elementor-element-74ae8c7c e-con-full e-flex e-con e-child\" data-id=\"74ae8c7c\" data-element_type=\"container\" data-e-type=\"container\" data-settings=\"{&quot;background_background&quot;:&quot;classic&quot;}\">\n\t\t\t\t<div class=\"elementor-element elementor-element-94dc29e elementor-widget elementor-widget-image\" data-id=\"94dc29e\" data-element_type=\"widget\" data-e-type=\"widget\" data-widget_type=\"image.default\">\n\t\t\t\t\t\t\t\t\t\t\t\t\t\t\t<img fetchpriority=\"high\" decoding=\"async\" width=\"800\" height=\"391\" src=\"https:\/\/demo.cooder.com.br\/cvortex\/wp-content\/uploads\/2025\/06\/demostracao-cvortex-1.webp\" class=\"attachment-large size-large wp-image-16146\" alt=\"\" srcset=\"https:\/\/demo.cooder.com.br\/cvortex\/wp-content\/uploads\/2025\/06\/demostracao-cvortex-1.webp 1024w, https:\/\/demo.cooder.com.br\/cvortex\/wp-content\/uploads\/2025\/06\/demostracao-cvortex-1-300x147.webp 300w, https:\/\/demo.cooder.com.br\/cvortex\/wp-content\/uploads\/2025\/06\/demostracao-cvortex-1-768x376.webp 768w\" sizes=\"(max-width: 800px) 100vw, 800px\" \/>\t\t\t\t\t\t\t\t\t\t\t\t\t\t\t<\/div>\n\t\t\t\t<\/div>\n\t\t\t\t<div class=\"elementor-element elementor-element-6cf6f39e elementor-widget__width-initial elementor-widget elementor-widget-heading\" data-id=\"6cf6f39e\" data-element_type=\"widget\" data-e-type=\"widget\" data-widget_type=\"heading.default\">\n\t\t\t\t\t<h3 class=\"elementor-heading-title elementor-size-default\">Tela do Atendente<\/h3>\t\t\t\t<\/div>\n\t\t\t\t<div class=\"elementor-element elementor-element-4e6649ca elementor-widget elementor-widget-heading\" data-id=\"4e6649ca\" data-element_type=\"widget\" data-e-type=\"widget\" data-widget_type=\"heading.default\">\n\t\t\t\t\t<p class=\"elementor-heading-title elementor-size-default\">Conhe\u00e7a a AGW, a tela central para gest\u00e3o de atendimentos na cVortex. Nela, seu time acompanha e gerencia intera\u00e7\u00f5es por <b>diversos canais em um s\u00f3 lugar, <\/b>garantindo um atendimento \u00e1gil, eficiente e com <b>hist\u00f3rico completo do cliente.<\/b><\/p>\t\t\t\t<\/div>\n\t\t\t\t<div class=\"elementor-element elementor-element-2d297730 elementor-align-left elementor-widget elementor-widget-button\" data-id=\"2d297730\" data-element_type=\"widget\" data-e-type=\"widget\" data-widget_type=\"button.default\">\n\t\t\t\t\t\t\t\t\t\t<a class=\"elementor-button elementor-button-link elementor-size-sm\" href=\"#elementor-action%3Aaction%3Dpopup%3Aopen%26settings%3DeyJpZCI6IjE2NzI0IiwidG9nZ2xlIjpmYWxzZX0%3D\">\n\t\t\t\t\t\t<span class=\"elementor-button-content-wrapper\">\n\t\t\t\t\t\t\t\t\t<span class=\"elementor-button-text\">Ver demonstra\u00e7\u00e3o<\/span>\n\t\t\t\t\t<\/span>\n\t\t\t\t\t<\/a>\n\t\t\t\t\t\t\t\t<\/div>\n\t\t\t\t<\/div>\n\t\t<div class=\"elementor-element elementor-element-4ba9b44 e-con-full e-flex e-con e-child\" data-id=\"4ba9b44\" data-element_type=\"container\" data-e-type=\"container\" data-settings=\"{&quot;background_background&quot;:&quot;classic&quot;}\">\n\t\t<div class=\"elementor-element elementor-element-019bdb3 e-con-full e-flex e-con e-child\" data-id=\"019bdb3\" data-element_type=\"container\" data-e-type=\"container\" data-settings=\"{&quot;background_background&quot;:&quot;classic&quot;}\">\n\t\t\t\t<div class=\"elementor-element elementor-element-232d2d6 elementor-widget elementor-widget-image\" data-id=\"232d2d6\" data-element_type=\"widget\" data-e-type=\"widget\" data-widget_type=\"image.default\">\n\t\t\t\t\t\t\t\t\t\t\t\t\t\t\t<img decoding=\"async\" width=\"800\" height=\"395\" src=\"https:\/\/demo.cooder.com.br\/cvortex\/wp-content\/uploads\/2025\/06\/demostracao-cvortex-2.webp\" class=\"attachment-large size-large wp-image-16147\" alt=\"\" srcset=\"https:\/\/demo.cooder.com.br\/cvortex\/wp-content\/uploads\/2025\/06\/demostracao-cvortex-2.webp 1024w, https:\/\/demo.cooder.com.br\/cvortex\/wp-content\/uploads\/2025\/06\/demostracao-cvortex-2-300x148.webp 300w, https:\/\/demo.cooder.com.br\/cvortex\/wp-content\/uploads\/2025\/06\/demostracao-cvortex-2-768x379.webp 768w\" sizes=\"(max-width: 800px) 100vw, 800px\" \/>\t\t\t\t\t\t\t\t\t\t\t\t\t\t\t<\/div>\n\t\t\t\t<\/div>\n\t\t\t\t<div class=\"elementor-element elementor-element-cb89edf elementor-widget__width-initial elementor-widget elementor-widget-heading\" data-id=\"cb89edf\" data-element_type=\"widget\" data-e-type=\"widget\" data-widget_type=\"heading.default\">\n\t\t\t\t\t<h3 class=\"elementor-heading-title elementor-size-default\">Analytics &amp; Dashboard<\/h3>\t\t\t\t<\/div>\n\t\t\t\t<div class=\"elementor-element elementor-element-dae2506 elementor-widget elementor-widget-heading\" data-id=\"dae2506\" data-element_type=\"widget\" data-e-type=\"widget\" data-widget_type=\"heading.default\">\n\t\t\t\t\t<p class=\"elementor-heading-title elementor-size-default\">Tenha vis\u00e3o geral dos principais indicadores do atendimento, como SLA e volume por canal pelo Dash da cVortex. Aproveite para conhecer o Analytics, um m\u00f3dulo avan\u00e7ado que permite aprofundar os dados, criar relat\u00f3rios personalizados e obter insights estrat\u00e9gicos para otimizar sua opera\u00e7\u00e3o.\n\n<\/p>\t\t\t\t<\/div>\n\t\t\t\t<div class=\"elementor-element elementor-element-4a73d8b elementor-align-left elementor-widget elementor-widget-button\" data-id=\"4a73d8b\" data-element_type=\"widget\" data-e-type=\"widget\" data-widget_type=\"button.default\">\n\t\t\t\t\t\t\t\t\t\t<a class=\"elementor-button elementor-button-link elementor-size-sm\" href=\"#elementor-action%3Aaction%3Dpopup%3Aopen%26settings%3DeyJpZCI6IjE2NzM4IiwidG9nZ2xlIjpmYWxzZX0%3D\">\n\t\t\t\t\t\t<span class=\"elementor-button-content-wrapper\">\n\t\t\t\t\t\t\t\t\t<span class=\"elementor-button-text\">Ver demonstra\u00e7\u00e3o<\/span>\n\t\t\t\t\t<\/span>\n\t\t\t\t\t<\/a>\n\t\t\t\t\t\t\t\t<\/div>\n\t\t\t\t<\/div>\n\t\t\t\t<\/div>\n\t\t<div class=\"elementor-element elementor-element-b4f894f e-con-full e-flex e-con e-child\" data-id=\"b4f894f\" data-element_type=\"container\" data-e-type=\"container\">\n\t\t<div class=\"elementor-element elementor-element-ff97137 e-con-full e-flex e-con e-child\" data-id=\"ff97137\" data-element_type=\"container\" data-e-type=\"container\" data-settings=\"{&quot;background_background&quot;:&quot;classic&quot;}\">\n\t\t<div class=\"elementor-element elementor-element-377e58f e-con-full e-flex e-con e-child\" data-id=\"377e58f\" data-element_type=\"container\" data-e-type=\"container\" data-settings=\"{&quot;background_background&quot;:&quot;classic&quot;}\">\n\t\t\t\t<div class=\"elementor-element elementor-element-c0b0fa1 elementor-widget elementor-widget-image\" data-id=\"c0b0fa1\" data-element_type=\"widget\" data-e-type=\"widget\" data-widget_type=\"image.default\">\n\t\t\t\t\t\t\t\t\t\t\t\t\t\t\t<img decoding=\"async\" width=\"800\" height=\"391\" src=\"https:\/\/demo.cooder.com.br\/cvortex\/wp-content\/uploads\/2025\/06\/demostracao-cvortex-3.webp\" class=\"attachment-large size-large wp-image-16148\" alt=\"\" srcset=\"https:\/\/demo.cooder.com.br\/cvortex\/wp-content\/uploads\/2025\/06\/demostracao-cvortex-3.webp 1024w, https:\/\/demo.cooder.com.br\/cvortex\/wp-content\/uploads\/2025\/06\/demostracao-cvortex-3-300x146.webp 300w, https:\/\/demo.cooder.com.br\/cvortex\/wp-content\/uploads\/2025\/06\/demostracao-cvortex-3-768x375.webp 768w\" sizes=\"(max-width: 800px) 100vw, 800px\" \/>\t\t\t\t\t\t\t\t\t\t\t\t\t\t\t<\/div>\n\t\t\t\t<\/div>\n\t\t\t\t<div class=\"elementor-element elementor-element-bf1d269 elementor-widget__width-initial elementor-widget elementor-widget-heading\" data-id=\"bf1d269\" data-element_type=\"widget\" data-e-type=\"widget\" data-widget_type=\"heading.default\">\n\t\t\t\t\t<h3 class=\"elementor-heading-title elementor-size-default\">Configura\u00e7\u00f5es e Workflow\n<\/h3>\t\t\t\t<\/div>\n\t\t\t\t<div class=\"elementor-element elementor-element-8f4df3e elementor-widget elementor-widget-heading\" data-id=\"8f4df3e\" data-element_type=\"widget\" data-e-type=\"widget\" data-widget_type=\"heading.default\">\n\t\t\t\t\t<p class=\"elementor-heading-title elementor-size-default\">O <b>Workflow<\/b> da cVortex permite criar, automatizar e personalizar fluxos de atendimento com facilidade. Com uma interface intuitiva de arrastar e soltar, voc\u00ea configura automa\u00e7\u00f5es, regras de atendimento e BOTs de forma simples e adaptada ao seu neg\u00f3cio.<\/p>\t\t\t\t<\/div>\n\t\t\t\t<div class=\"elementor-element elementor-element-522cc2c elementor-align-left elementor-widget elementor-widget-button\" data-id=\"522cc2c\" data-element_type=\"widget\" data-e-type=\"widget\" data-widget_type=\"button.default\">\n\t\t\t\t\t\t\t\t\t\t<a class=\"elementor-button elementor-button-link elementor-size-sm\" href=\"#elementor-action%3Aaction%3Dpopup%3Aopen%26settings%3DeyJpZCI6IjE2NzQ2IiwidG9nZ2xlIjpmYWxzZX0%3D\">\n\t\t\t\t\t\t<span class=\"elementor-button-content-wrapper\">\n\t\t\t\t\t\t\t\t\t<span class=\"elementor-button-text\">Ver demonstra\u00e7\u00e3o<\/span>\n\t\t\t\t\t<\/span>\n\t\t\t\t\t<\/a>\n\t\t\t\t\t\t\t\t<\/div>\n\t\t\t\t<\/div>\n\t\t<div class=\"elementor-element elementor-element-815d38b e-con-full e-flex e-con e-child\" data-id=\"815d38b\" data-element_type=\"container\" data-e-type=\"container\" data-settings=\"{&quot;background_background&quot;:&quot;classic&quot;}\">\n\t\t<div class=\"elementor-element elementor-element-6a13a57 e-con-full e-flex e-con e-child\" data-id=\"6a13a57\" data-element_type=\"container\" data-e-type=\"container\" data-settings=\"{&quot;background_background&quot;:&quot;classic&quot;}\">\n\t\t\t\t<div class=\"elementor-element elementor-element-b99590a elementor-widget elementor-widget-image\" data-id=\"b99590a\" data-element_type=\"widget\" data-e-type=\"widget\" data-widget_type=\"image.default\">\n\t\t\t\t\t\t\t\t\t\t\t\t\t\t\t<img loading=\"lazy\" decoding=\"async\" width=\"800\" height=\"392\" src=\"https:\/\/demo.cooder.com.br\/cvortex\/wp-content\/uploads\/2025\/06\/demostracao-cvortex-4.webp\" class=\"attachment-large size-large wp-image-16150\" alt=\"\" srcset=\"https:\/\/demo.cooder.com.br\/cvortex\/wp-content\/uploads\/2025\/06\/demostracao-cvortex-4.webp 1024w, https:\/\/demo.cooder.com.br\/cvortex\/wp-content\/uploads\/2025\/06\/demostracao-cvortex-4-300x147.webp 300w, https:\/\/demo.cooder.com.br\/cvortex\/wp-content\/uploads\/2025\/06\/demostracao-cvortex-4-768x377.webp 768w\" sizes=\"(max-width: 800px) 100vw, 800px\" \/>\t\t\t\t\t\t\t\t\t\t\t\t\t\t\t<\/div>\n\t\t\t\t<\/div>\n\t\t\t\t<div class=\"elementor-element elementor-element-a1ed2ee elementor-widget__width-initial elementor-widget elementor-widget-heading\" data-id=\"a1ed2ee\" data-element_type=\"widget\" data-e-type=\"widget\" data-widget_type=\"heading.default\">\n\t\t\t\t\t<h3 class=\"elementor-heading-title elementor-size-default\">IA no atendimento<\/h3>\t\t\t\t<\/div>\n\t\t\t\t<div class=\"elementor-element elementor-element-72d088d elementor-widget elementor-widget-heading\" data-id=\"72d088d\" data-element_type=\"widget\" data-e-type=\"widget\" data-widget_type=\"heading.default\">\n\t\t\t\t\t<p class=\"elementor-heading-title elementor-size-default\">A Intelig\u00eancia artificial na cVortex antecipa e soluciona problemas para experi\u00eancia diferenciada. Aqui, nesta demo, vamos mostrar ela atuando colaborativamente com seu atendente. Confira como \u00e9 f\u00e1cil corrigir ortograficamente, melhorar o texto e ainda garantir o bloqueio de palavras impr\u00f3prias ou ofensivas. \n<\/p>\t\t\t\t<\/div>\n\t\t\t\t<div class=\"elementor-element elementor-element-d251ba0 elementor-align-left elementor-widget elementor-widget-button\" data-id=\"d251ba0\" data-element_type=\"widget\" data-e-type=\"widget\" data-widget_type=\"button.default\">\n\t\t\t\t\t\t\t\t\t\t<a class=\"elementor-button elementor-button-link elementor-size-sm\" href=\"#elementor-action%3Aaction%3Dpopup%3Aopen%26settings%3DeyJpZCI6IjE2NzU0IiwidG9nZ2xlIjpmYWxzZX0%3D\">\n\t\t\t\t\t\t<span class=\"elementor-button-content-wrapper\">\n\t\t\t\t\t\t\t\t\t<span class=\"elementor-button-text\">Ver demonstra\u00e7\u00e3o<\/span>\n\t\t\t\t\t<\/span>\n\t\t\t\t\t<\/a>\n\t\t\t\t\t\t\t\t<\/div>\n\t\t\t\t<\/div>\n\t\t\t\t<\/div>\n\t\t\t\t\t<\/div>\n\t\t\t\t<\/div>\n\t\t\t\t<\/div>\n\t\t","protected":false},"excerpt":{"rendered":"<p>Demonstra\u00e7\u00e3o Online Teste Agora Nesta demonstra\u00e7\u00e3o, voc\u00ea conhecer\u00e1 nossa interface intuitiva e os diferenciais que fazem da cVortex uma solu\u00e7\u00e3o verdadeiramente omnichannel, com suporte pr\u00f3prio, tecnologia brasileira e configura\u00e7\u00e3o simples. Teste nossas solu\u00e7\u00f5es em tempo real e veja os benef\u00edcios que podemos oferecer. Tela do Atendente Conhe\u00e7a a AGW, a tela central para gest\u00e3o de [&hellip;]<\/p>\n","protected":false},"author":1,"featured_media":0,"parent":0,"menu_order":0,"comment_status":"closed","ping_status":"closed","template":"","meta":{"footnotes":""},"class_list":["post-16074","page","type-page","status-publish","hentry"],"_links":{"self":[{"href":"https:\/\/demo.cooder.com.br\/cvortex\/wp-json\/wp\/v2\/pages\/16074","targetHints":{"allow":["GET"]}}],"collection":[{"href":"https:\/\/demo.cooder.com.br\/cvortex\/wp-json\/wp\/v2\/pages"}],"about":[{"href":"https:\/\/demo.cooder.com.br\/cvortex\/wp-json\/wp\/v2\/types\/page"}],"author":[{"embeddable":true,"href":"https:\/\/demo.cooder.com.br\/cvortex\/wp-json\/wp\/v2\/users\/1"}],"replies":[{"embeddable":true,"href":"https:\/\/demo.cooder.com.br\/cvortex\/wp-json\/wp\/v2\/comments?post=16074"}],"version-history":[{"count":25,"href":"https:\/\/demo.cooder.com.br\/cvortex\/wp-json\/wp\/v2\/pages\/16074\/revisions"}],"predecessor-version":[{"id":16760,"href":"https:\/\/demo.cooder.com.br\/cvortex\/wp-json\/wp\/v2\/pages\/16074\/revisions\/16760"}],"wp:attachment":[{"href":"https:\/\/demo.cooder.com.br\/cvortex\/wp-json\/wp\/v2\/media?parent=16074"}],"curies":[{"name":"wp","href":"https:\/\/api.w.org\/{rel}","templated":true}]}}